{"id":940,"date":"2021-11-08T11:42:42","date_gmt":"2021-11-08T10:42:42","guid":{"rendered":"https:\/\/www.francomondo.net\/gallery\/"},"modified":"2024-09-06T12:10:26","modified_gmt":"2024-09-06T10:10:26","slug":"gallery","status":"publish","type":"page","link":"https:\/\/www.francomondo.net\/en\/gallery\/","title":{"rendered":"Gallery"},"content":{"rendered":"<p>[et_pb_section fb_built=&#8221;1&#8243; _builder_version=&#8221;4.16&#8243; custom_padding=&#8221;80px||80px||true|false&#8221; global_colors_info=&#8221;{}&#8221;][et_pb_row column_structure=&#8221;1_2,1_2&#8243; _builder_version=&#8221;4.16&#8243; _module_preset=&#8221;default&#8221; width=&#8221;90%&#8221; global_colors_info=&#8221;{}&#8221;][et_pb_column type=&#8221;1_2&#8243; _builder_version=&#8221;4.16&#8243; _module_preset=&#8221;default&#8221; global_colors_info=&#8221;{}&#8221;][et_pb_text _builder_version=&#8221;4.25.0&#8243; _module_preset=&#8221;default&#8221; text_font=&#8221;|||on|||||&#8221; text_text_color=&#8221;gcid-a533ad4c-871a-437d-9718-ef3af15b1f54&#8243; text_font_size=&#8221;20px&#8221; text_letter_spacing=&#8221;1px&#8221; custom_margin=&#8221;||0px||false|false&#8221; hover_enabled=&#8221;0&#8243; global_colors_info=&#8221;{%22gcid-a533ad4c-871a-437d-9718-ef3af15b1f54%22:%91%22text_text_color%22%93}&#8221; sticky_enabled=&#8221;0&#8243;]<\/p>\n<p>Lorem Ipsum<\/p>\n<p>[\/et_pb_text][et_pb_text _builder_version=&#8221;4.25.0&#8243; _dynamic_attributes=&#8221;content&#8221; _module_preset=&#8221;default&#8221; header_font=&#8221;|700||on|||||&#8221; header_text_align=&#8221;left&#8221; header_text_color=&#8221;gcid-5836ee55-e9b3-4966-a0d7-18bdd1cd429b&#8221; header_font_size=&#8221;6vh&#8221; hover_enabled=&#8221;0&#8243; header_font_size_tablet=&#8221;40px&#8221; header_font_size_phone=&#8221;34px&#8221; header_font_size_last_edited=&#8221;on|phone&#8221; global_colors_info=&#8221;{%22gcid-5836ee55-e9b3-4966-a0d7-18bdd1cd429b%22:%91%22header_text_color%22%93}&#8221; sticky_enabled=&#8221;0&#8243;]@ET-DC@eyJkeW5hbWljIjp0cnVlLCJjb250ZW50IjoicG9zdF90aXRsZSIsInNldHRpbmdzIjp7ImJlZm9yZSI6IjxoMT4iLCJhZnRlciI6IjwvaDE+In19@[\/et_pb_text][\/et_pb_column][et_pb_column type=&#8221;1_2&#8243; _builder_version=&#8221;4.16&#8243; _module_preset=&#8221;default&#8221; global_colors_info=&#8221;{}&#8221;][et_pb_text _builder_version=&#8221;4.25.0&#8243; _module_preset=&#8221;default&#8221; text_font=&#8221;|300|||||||&#8221; text_orientation=&#8221;justified&#8221; hover_enabled=&#8221;0&#8243; global_colors_info=&#8221;{}&#8221; sticky_enabled=&#8221;0&#8243;]<\/p>\n<p>Lorem ipsum odor amet, consectetuer adipiscing elit. Dui massa volutpat enim commodo ac lacinia imperdiet faucibus vestibulum. Facilisi fames diam libero magna gravida felis ultrices. Aliquet vestibulum mattis imperdiet nostra sem per mollis tortor?<\/p>\n<p>[\/et_pb_text][\/et_pb_column][\/et_pb_row][et_pb_row use_custom_gutter=&#8221;on&#8221; gutter_width=&#8221;2&#8243; _builder_version=&#8221;4.16&#8243; _module_preset=&#8221;default&#8221; width=&#8221;90%&#8221; global_colors_info=&#8221;{}&#8221;][et_pb_column type=&#8221;4_4&#8243; _builder_version=&#8221;4.16&#8243; _module_preset=&#8221;default&#8221; global_colors_info=&#8221;{}&#8221;][et_pb_gallery gallery_ids=&#8221;768,769,770,773,771,772&#8243; posts_number=&#8221;32&#8243; show_title_and_caption=&#8221;off&#8221; hover_icon=&#8221;&#xe006;||divi||400&#8243; _builder_version=&#8221;4.16&#8243; _module_preset=&#8221;default&#8221; title_font=&#8221;|300|||||||&#8221; title_text_align=&#8221;center&#8221; title_text_color=&#8221;gcid-45f6d461-a2db-4922-abc4-79d349d0c05b&#8221; title_font_size=&#8221;2vh&#8221; global_colors_info=&#8221;{%22gcid-45f6d461-a2db-4922-abc4-79d349d0c05b%22:%91%22title_text_color%22%93}&#8221; title_text_color__hover_enabled=&#8221;off|desktop&#8221;][\/et_pb_gallery][\/et_pb_column][\/et_pb_row][\/et_pb_section][et_pb_section fb_built=&#8221;1&#8243; _builder_version=&#8221;4.16&#8243; _module_preset=&#8221;default&#8221; background_color=&#8221;gcid-c017ff9f-3627-4818-873e-1a7cefd370d5&#8243; custom_padding=&#8221;80px|0px|120px|0px|false|false&#8221; scroll_vertical_motion=&#8221;0|50|50|100|-2|0|0&#8243; scroll_fade_enable=&#8221;on&#8221; scroll_scaling_enable=&#8221;on&#8221; scroll_scaling=&#8221;0|50|50|100|70|105%|100&#8243; motion_trigger_start=&#8221;top&#8221; border_width_top=&#8221;1px&#8221; border_color_top=&#8221;gcid-219fcd1b-8489-4eb4-b370-10596ee4aaac&#8221; global_colors_info=&#8221;{%22gcid-c017ff9f-3627-4818-873e-1a7cefd370d5%22:%91%22background_color%22%93,%22gcid-219fcd1b-8489-4eb4-b370-10596ee4aaac%22:%91%22border_color_top%22%93}&#8221;][et_pb_row _builder_version=&#8221;4.16&#8243; _module_preset=&#8221;default&#8221; custom_padding=&#8221;27px|0px|24px|0px|false|false&#8221; global_colors_info=&#8221;{}&#8221;][et_pb_column type=&#8221;4_4&#8243; _builder_version=&#8221;4.16&#8243; _module_preset=&#8221;default&#8221; custom_padding=&#8221;|||&#8221; global_colors_info=&#8221;{}&#8221; custom_padding__hover=&#8221;|||&#8221;][et_pb_text _builder_version=&#8221;4.25.0&#8243; _module_preset=&#8221;default&#8221; text_font=&#8221;Poppins|700||on|||||&#8221; text_text_color=&#8221;#ffffff&#8221; text_font_size=&#8221;30px&#8221; header_2_font=&#8221;|700|||||||&#8221; header_2_text_color=&#8221;gcid-5836ee55-e9b3-4966-a0d7-18bdd1cd429b&#8221; header_3_font=&#8221;|700|||||||&#8221; text_orientation=&#8221;center&#8221; hover_enabled=&#8221;0&#8243; text_font_size_tablet=&#8221;&#8221; text_font_size_phone=&#8221;20px&#8221; text_font_size_last_edited=&#8221;on|desktop&#8221; global_colors_info=&#8221;{%22gcid-5836ee55-e9b3-4966-a0d7-18bdd1cd429b%22:%91%22header_2_text_color%22%93}&#8221; sticky_enabled=&#8221;0&#8243;]<\/p>\n<h2>Contact us<\/h2>\n<p>[\/et_pb_text][\/et_pb_column][\/et_pb_row][et_pb_row column_structure=&#8221;1_3,1_3,1_3&#8243; use_custom_gutter=&#8221;on&#8221; gutter_width=&#8221;1&#8243; _builder_version=&#8221;4.16&#8243; _module_preset=&#8221;default&#8221; global_colors_info=&#8221;{}&#8221;][et_pb_column type=&#8221;1_3&#8243; _builder_version=&#8221;4.16&#8243; _module_preset=&#8221;default&#8221; custom_padding=&#8221;|||&#8221; global_colors_info=&#8221;{}&#8221; custom_padding__hover=&#8221;|||&#8221;][et_pb_blurb use_icon=&#8221;on&#8221; font_icon=&#8221;&#xf879;||fa||900&#8243; icon_color=&#8221;#ffffff&#8221; image_icon_background_color=&#8221;gcid-5836ee55-e9b3-4966-a0d7-18bdd1cd429b&#8221; image_icon_width=&#8221;46px&#8221; _builder_version=&#8221;4.25.0&#8243; _module_preset=&#8221;default&#8221; header_font=&#8221;Roboto Condensed|300|||||||&#8221; header_text_align=&#8221;center&#8221; header_text_color=&#8221;#ffffff&#8221; header_font_size=&#8221;20px&#8221; header_line_height=&#8221;1.5em&#8221; body_font=&#8221;|700|||||||&#8221; body_text_align=&#8221;center&#8221; body_text_color=&#8221;gcid-d9b23de0-9e42-4c6d-9d89-3356b88e6677&#8243; body_font_size=&#8221;30px&#8221; body_line_height=&#8221;1.9em&#8221; image_icon_custom_padding=&#8221;25px|25px|25px|25px|true|true&#8221; custom_padding=&#8221;49px|68px|44px|68px|false|true&#8221; custom_padding_tablet=&#8221;|20px||20px||true&#8221; custom_padding_phone=&#8221;|20px||20px||true&#8221; custom_padding_last_edited=&#8221;on|tablet&#8221; animation=&#8221;off&#8221; hover_enabled=&#8221;0&#8243; body_font_size_tablet=&#8221;&#8221; body_font_size_phone=&#8221;20px&#8221; body_font_size_last_edited=&#8221;on|desktop&#8221; border_width_all=&#8221;1px&#8221; border_color_all=&#8221;#ffffff&#8221; border_radii_image=&#8221;on|100px|100px|100px|100px&#8221; icon_font_size=&#8221;46px&#8221; global_colors_info=&#8221;{%22gcid-5836ee55-e9b3-4966-a0d7-18bdd1cd429b%22:%91%22image_icon_background_color%22%93,%22gcid-d9b23de0-9e42-4c6d-9d89-3356b88e6677%22:%91%22body_text_color%22%93}&#8221; sticky_enabled=&#8221;0&#8243;]<\/p>\n<p>Mobile<\/p>\n<p>[\/et_pb_blurb][\/et_pb_column][et_pb_column type=&#8221;1_3&#8243; _builder_version=&#8221;4.16&#8243; _module_preset=&#8221;default&#8221; custom_padding=&#8221;|||&#8221; global_colors_info=&#8221;{}&#8221; custom_padding__hover=&#8221;|||&#8221;][et_pb_blurb use_icon=&#8221;on&#8221; font_icon=&#8221;&#xf0e0;||fa||900&#8243; icon_color=&#8221;#ffffff&#8221; image_icon_background_color=&#8221;gcid-5836ee55-e9b3-4966-a0d7-18bdd1cd429b&#8221; image_icon_width=&#8221;46px&#8221; _builder_version=&#8221;4.25.0&#8243; _module_preset=&#8221;default&#8221; header_font=&#8221;Roboto Condensed|300|||||||&#8221; header_text_align=&#8221;center&#8221; header_text_color=&#8221;#ffffff&#8221; header_font_size=&#8221;20px&#8221; header_line_height=&#8221;1.5em&#8221; body_font=&#8221;|700|||||||&#8221; body_text_align=&#8221;center&#8221; body_text_color=&#8221;gcid-d9b23de0-9e42-4c6d-9d89-3356b88e6677&#8243; body_font_size=&#8221;30px&#8221; body_line_height=&#8221;1.9em&#8221; image_icon_custom_padding=&#8221;25px|25px|25px|25px|true|true&#8221; custom_padding=&#8221;49px|68px|44px|68px|false|true&#8221; custom_padding_tablet=&#8221;|20px||20px||true&#8221; custom_padding_phone=&#8221;|20px||20px||true&#8221; custom_padding_last_edited=&#8221;on|tablet&#8221; animation=&#8221;off&#8221; hover_enabled=&#8221;0&#8243; body_font_size_tablet=&#8221;&#8221; body_font_size_phone=&#8221;20px&#8221; body_font_size_last_edited=&#8221;on|desktop&#8221; border_color_all=&#8221;gcid-5836ee55-e9b3-4966-a0d7-18bdd1cd429b&#8221; border_width_right=&#8221;1px&#8221; border_width_left=&#8221;1px&#8221; border_width_top_tablet=&#8221;1px&#8221; border_width_top_phone=&#8221;1px&#8221; border_width_top_last_edited=&#8221;on|tablet&#8221; border_width_right_tablet=&#8221;0px&#8221; border_width_right_phone=&#8221;0px&#8221; border_width_right_last_edited=&#8221;on|tablet&#8221; border_width_bottom_tablet=&#8221;1px&#8221; border_width_bottom_phone=&#8221;1px&#8221; border_width_bottom_last_edited=&#8221;on|tablet&#8221; border_width_left_tablet=&#8221;0px&#8221; border_width_left_phone=&#8221;0px&#8221; border_width_left_last_edited=&#8221;on|tablet&#8221; border_radii_image=&#8221;on|100px|100px|100px|100px&#8221; icon_font_size=&#8221;46px&#8221; global_colors_info=&#8221;{%22gcid-5836ee55-e9b3-4966-a0d7-18bdd1cd429b%22:%91%22image_icon_background_color%22,%22border_color_all%22%93,%22gcid-d9b23de0-9e42-4c6d-9d89-3356b88e6677%22:%91%22body_text_color%22%93}&#8221; sticky_enabled=&#8221;0&#8243;]<\/p>\n<p>Email<\/p>\n<p>[\/et_pb_blurb][\/et_pb_column][et_pb_column type=&#8221;1_3&#8243; _builder_version=&#8221;4.16&#8243; _module_preset=&#8221;default&#8221; custom_padding=&#8221;|||&#8221; global_colors_info=&#8221;{}&#8221; custom_padding__hover=&#8221;|||&#8221;][et_pb_blurb use_icon=&#8221;on&#8221; font_icon=&#8221;&#xf5eb;||fa||900&#8243; icon_color=&#8221;#ffffff&#8221; image_icon_background_color=&#8221;gcid-5836ee55-e9b3-4966-a0d7-18bdd1cd429b&#8221; image_icon_width=&#8221;46px&#8221; _builder_version=&#8221;4.25.0&#8243; _module_preset=&#8221;default&#8221; header_font=&#8221;Roboto Condensed|300|||||||&#8221; header_text_align=&#8221;center&#8221; header_text_color=&#8221;#ffffff&#8221; header_font_size=&#8221;20px&#8221; header_line_height=&#8221;1.5em&#8221; body_font=&#8221;|700|||||||&#8221; body_text_align=&#8221;center&#8221; body_text_color=&#8221;gcid-d9b23de0-9e42-4c6d-9d89-3356b88e6677&#8243; body_font_size=&#8221;30px&#8221; body_line_height=&#8221;1.9em&#8221; image_icon_custom_padding=&#8221;25px|25px|25px|25px|true|true&#8221; custom_padding=&#8221;49px|68px|44px|68px|false|true&#8221; custom_padding_tablet=&#8221;|20px||20px||true&#8221; custom_padding_phone=&#8221;|20px||20px||true&#8221; custom_padding_last_edited=&#8221;on|tablet&#8221; animation=&#8221;off&#8221; link_option_url=&#8221;#mappa-google&#8221; hover_enabled=&#8221;0&#8243; body_font_size_tablet=&#8221;&#8221; body_font_size_phone=&#8221;20px&#8221; body_font_size_last_edited=&#8221;on|desktop&#8221; border_width_all=&#8221;1px&#8221; border_color_all=&#8221;#ffffff&#8221; border_radii_image=&#8221;on|100px|100px|100px|100px&#8221; icon_font_size=&#8221;46px&#8221; global_colors_info=&#8221;{%22gcid-5836ee55-e9b3-4966-a0d7-18bdd1cd429b%22:%91%22image_icon_background_color%22%93,%22gcid-d9b23de0-9e42-4c6d-9d89-3356b88e6677%22:%91%22body_text_color%22%93}&#8221; sticky_enabled=&#8221;0&#8243;]<\/p>\n<p>Our location<\/p>\n<p>[\/et_pb_blurb][\/et_pb_column][\/et_pb_row][\/et_pb_section]<\/p>\n","protected":false},"excerpt":{"rendered":"<p>Lorem IpsumLorem ipsum odor amet, consectetuer adipiscing elit. Dui massa volutpat enim commodo ac lacinia imperdiet faucibus vestibulum. Facilisi fames diam libero magna gravida felis ultrices. Aliquet vestibulum mattis imperdiet nostra sem per mollis tortor?Contact usMobileEmailOur location<\/p>\n","protected":false},"author":1,"featured_media":0,"parent":0,"menu_order":8,"comment_status":"closed","ping_status":"closed","template":"","meta":{"_et_pb_use_builder":"on","_et_pb_old_content":"<!-- wp:paragraph -->\r\n<p>Questa \u00e8 una pagina di esempio. Differisce da un articolo di un blog perch\u00e9 rimane sempre allo stesso posto e (in molti temi) appare nel menu di navigazione. Molte persone iniziano con una pagina di Informazioni che li presentano ai visitatori del sito. Potrebbe apparire una presentazione del tipo:<\/p>\r\n<!-- \/wp:paragraph -->\r\n\r\n<!-- wp:quote -->\r\n<blockquote class=\"wp-block-quote\"><p>Ciao! Sono un fattorino ciclista di giorno, aspirante attore di notte e questo \u00e8 il mio sito web. Vivo a Los Angeles, ho un grande cane di nome Jack e mi piace la pi\u00f1a colada. (E prendere la pioggia)<\/p><\/blockquote>\r\n<!-- \/wp:quote -->\r\n\r\n<!-- wp:paragraph -->\r\n<p>...o qualcosa di simile:<\/p>\r\n<!-- \/wp:paragraph -->\r\n\r\n<!-- wp:quote -->\r\n<blockquote class=\"wp-block-quote\"><p>La Societ\u00e0 XYZ Aggeggi \u00e8 stata fondata nel 1971 e da allora fornisce al pubblico aggeggi di ottima qualit\u00e0. Situata a Fantasilandia, XYZ impiega oltre 2.000 persone e realizza ogni sorta di aggeggio fantastico per la comunit\u00e0 di Fantasilandia.<\/p><\/blockquote>\r\n<!-- \/wp:quote -->\r\n\r\n<!-- wp:paragraph -->\r\n<p>Come nuovo utente di WordPress, dovresti andare nella tua <a href=\"http:\/\/wp-smart1.install.prismiweb.net\/wp-admin\/\">Bacheca<\/a> per eliminare questa pagina, e crearne delle nuove per i tuoi contenuti. Divertiti!<\/p>\r\n<!-- \/wp:paragraph -->","_et_gb_content_width":"","_joinchat":[],"footnotes":""},"class_list":["post-940","page","type-page","status-publish","hentry"],"yoast_head":"<!-- This site is optimized with the Yoast SEO plugin v18.3 - https:\/\/yoast.com\/wordpress\/plugins\/seo\/ -->\n<title>Gallery - FRANCO MONDO<\/title>\n<meta name=\"robots\" content=\"index, follow, max-snippet:-1, max-image-preview:large, max-video-preview:-1\" \/>\n<link rel=\"canonical\" href=\"https:\/\/www.francomondo.net\/en\/gallery\/\" \/>\n<meta property=\"og:locale\" content=\"en_US\" \/>\n<meta property=\"og:type\" content=\"article\" \/>\n<meta property=\"og:title\" content=\"Gallery - FRANCO MONDO\" \/>\n<meta property=\"og:description\" content=\"Lorem IpsumLorem ipsum odor amet, consectetuer adipiscing elit. Dui massa volutpat enim commodo ac lacinia imperdiet faucibus vestibulum. Facilisi fames diam libero magna gravida felis ultrices. Aliquet vestibulum mattis imperdiet nostra sem per mollis tortor?Contact usMobileEmailOur location\" \/>\n<meta property=\"og:url\" content=\"https:\/\/www.francomondo.net\/en\/gallery\/\" \/>\n<meta property=\"og:site_name\" content=\"FRANCO MONDO\" \/>\n<meta property=\"article:modified_time\" content=\"2024-09-06T10:10:26+00:00\" \/>\n<meta name=\"twitter:card\" content=\"summary_large_image\" \/>\n<meta name=\"twitter:label1\" content=\"Est. reading time\" \/>\n\t<meta name=\"twitter:data1\" content=\"7 minutes\" \/>\n<script type=\"application\/ld+json\" class=\"yoast-schema-graph\">{\"@context\":\"https:\/\/schema.org\",\"@graph\":[{\"@type\":\"WebSite\",\"@id\":\"https:\/\/www.francomondo.net\/#website\",\"url\":\"https:\/\/www.francomondo.net\/\",\"name\":\"FRANCO MONDO\",\"description\":\"Vendita Vino Monferrato Asti\",\"potentialAction\":[{\"@type\":\"SearchAction\",\"target\":{\"@type\":\"EntryPoint\",\"urlTemplate\":\"https:\/\/www.francomondo.net\/?s={search_term_string}\"},\"query-input\":\"required name=search_term_string\"}],\"inLanguage\":\"en-US\"},{\"@type\":\"WebPage\",\"@id\":\"https:\/\/www.francomondo.net\/en\/gallery\/#webpage\",\"url\":\"https:\/\/www.francomondo.net\/en\/gallery\/\",\"name\":\"Gallery - FRANCO MONDO\",\"isPartOf\":{\"@id\":\"https:\/\/www.francomondo.net\/#website\"},\"datePublished\":\"2021-11-08T10:42:42+00:00\",\"dateModified\":\"2024-09-06T10:10:26+00:00\",\"breadcrumb\":{\"@id\":\"https:\/\/www.francomondo.net\/en\/gallery\/#breadcrumb\"},\"inLanguage\":\"en-US\",\"potentialAction\":[{\"@type\":\"ReadAction\",\"target\":[\"https:\/\/www.francomondo.net\/en\/gallery\/\"]}]},{\"@type\":\"BreadcrumbList\",\"@id\":\"https:\/\/www.francomondo.net\/en\/gallery\/#breadcrumb\",\"itemListElement\":[{\"@type\":\"ListItem\",\"position\":1,\"name\":\"Home\",\"item\":\"https:\/\/www.francomondo.net\/en\/\"},{\"@type\":\"ListItem\",\"position\":2,\"name\":\"Gallery\"}]}]}<\/script>\n<!-- \/ Yoast SEO plugin. -->","yoast_head_json":{"title":"Gallery - FRANCO MONDO","robots":{"index":"index","follow":"follow","max-snippet":"max-snippet:-1","max-image-preview":"max-image-preview:large","max-video-preview":"max-video-preview:-1"},"canonical":"https:\/\/www.francomondo.net\/en\/gallery\/","og_locale":"en_US","og_type":"article","og_title":"Gallery - FRANCO MONDO","og_description":"Lorem IpsumLorem ipsum odor amet, consectetuer adipiscing elit. Dui massa volutpat enim commodo ac lacinia imperdiet faucibus vestibulum. Facilisi fames diam libero magna gravida felis ultrices. Aliquet vestibulum mattis imperdiet nostra sem per mollis tortor?Contact usMobileEmailOur location","og_url":"https:\/\/www.francomondo.net\/en\/gallery\/","og_site_name":"FRANCO MONDO","article_modified_time":"2024-09-06T10:10:26+00:00","twitter_card":"summary_large_image","twitter_misc":{"Est. reading time":"7 minutes"},"schema":{"@context":"https:\/\/schema.org","@graph":[{"@type":"WebSite","@id":"https:\/\/www.francomondo.net\/#website","url":"https:\/\/www.francomondo.net\/","name":"FRANCO MONDO","description":"Vendita Vino Monferrato Asti","potentialAction":[{"@type":"SearchAction","target":{"@type":"EntryPoint","urlTemplate":"https:\/\/www.francomondo.net\/?s={search_term_string}"},"query-input":"required name=search_term_string"}],"inLanguage":"en-US"},{"@type":"WebPage","@id":"https:\/\/www.francomondo.net\/en\/gallery\/#webpage","url":"https:\/\/www.francomondo.net\/en\/gallery\/","name":"Gallery - FRANCO MONDO","isPartOf":{"@id":"https:\/\/www.francomondo.net\/#website"},"datePublished":"2021-11-08T10:42:42+00:00","dateModified":"2024-09-06T10:10:26+00:00","breadcrumb":{"@id":"https:\/\/www.francomondo.net\/en\/gallery\/#breadcrumb"},"inLanguage":"en-US","potentialAction":[{"@type":"ReadAction","target":["https:\/\/www.francomondo.net\/en\/gallery\/"]}]},{"@type":"BreadcrumbList","@id":"https:\/\/www.francomondo.net\/en\/gallery\/#breadcrumb","itemListElement":[{"@type":"ListItem","position":1,"name":"Home","item":"https:\/\/www.francomondo.net\/en\/"},{"@type":"ListItem","position":2,"name":"Gallery"}]}]}},"_links":{"self":[{"href":"https:\/\/www.francomondo.net\/en\/wp-json\/wp\/v2\/pages\/940","targetHints":{"allow":["GET"]}}],"collection":[{"href":"https:\/\/www.francomondo.net\/en\/wp-json\/wp\/v2\/pages"}],"about":[{"href":"https:\/\/www.francomondo.net\/en\/wp-json\/wp\/v2\/types\/page"}],"author":[{"embeddable":true,"href":"https:\/\/www.francomondo.net\/en\/wp-json\/wp\/v2\/users\/1"}],"replies":[{"embeddable":true,"href":"https:\/\/www.francomondo.net\/en\/wp-json\/wp\/v2\/comments?post=940"}],"version-history":[{"count":2,"href":"https:\/\/www.francomondo.net\/en\/wp-json\/wp\/v2\/pages\/940\/revisions"}],"predecessor-version":[{"id":942,"href":"https:\/\/www.francomondo.net\/en\/wp-json\/wp\/v2\/pages\/940\/revisions\/942"}],"wp:attachment":[{"href":"https:\/\/www.francomondo.net\/en\/wp-json\/wp\/v2\/media?parent=940"}],"curies":[{"name":"wp","href":"https:\/\/api.w.org\/{rel}","templated":true}]}}